{"id":38,"date":"2016-12-22T16:19:52","date_gmt":"2016-12-22T14:19:52","guid":{"rendered":"http:\/\/kd10165.pingu-solutions.de\/?page_id=38"},"modified":"2018-12-15T16:16:37","modified_gmt":"2018-12-15T15:16:37","slug":"vorbereitung-cfte-i","status":"publish","type":"page","link":"http:\/\/dev.christophgeyer.de\/?page_id=38","title":{"rendered":"Vorbereitung CFTe I"},"content":{"rendered":"<div id=\"pg-38-0\"  class=\"panel-grid\" ><div class=\"panel-grid-core\"><div id=\"pgc-38-0-0\"  class=\"panel-grid-cell     \" ><div class=\"panel-widget-style\" ><p><span style=\"font-size: 12pt;\">Die Ausbildungsprogramme \u201eCertified Financial Technician\u201d (CFTe) und \u201eMaster of Financial Technical Analysis\u201d (MFTA) werden von der IFTA angeboten. Dieses Zertifikat bietet Technischen Analysten und Mitgliedern der VTAD e.V. in Deutschland \u00fcber eine dreistufige Pr\u00fcfungsfolge (CFTe I, CFTe II und MFTA) einen international anerkannten Abschluss an.<\/span><\/p><ul><li><span style=\"font-size: 12pt;\">Die VTAD e.V. organisiert die CFTe Pr\u00fcfungen und den MFTA der IFTA.<\/span><\/li><li><span style=\"font-size: 12pt;\">Die VTAD bietet den Abschluss \u201eCertified Financial Technician\u201d in Deutschland und in deutscher Sprache an.<\/span><\/li><li><span style=\"font-size: 12pt;\">Neu: Auch Nichtmitglieder k\u00f6nnen die Pr\u00fcfungen ablegen!<\/span><\/li><li><span style=\"font-size: 12pt;\">Siehe auch <a class=\"ext\" title=\"IFTA Seite\" href=\"http:\/\/www.ifta.org\/certifications\/\" target=\"_blank\">IFTA Certifications<\/a><\/span><\/li><li><span style=\"font-size: 12pt;\"><a href=\"http:\/\/www.vtad.de\/sites\/files\/Ausbildungsflyer_VTAD_0.pdf\" target=\"_blank\">VTAD Ausbildungsflyer (pdf)<\/a><\/span><\/li><\/ul><\/div><div class=\"panel-widget-style\" ><h3 style=\"font-style: normal;\">Internationales Zertifizierungsprogramm in Technischer Analyse<\/h3><\/div><div class=\"panel-widget-style\" ><p><span style=\"font-size: 12pt;\">Renommierte professionelle Technische Analysten aus mehr als 20 Mitgliedsstaaten haben den \u201eBody of Knowledge\u201d erarbeitet, das \u201eWissensspektrum\u201d der Technischen Analyse.\u00a0<\/span><span style=\"font-size: 12pt;\">Auf ihm basiert der Ausbildungslehrplan der IFTA. Mit ihrem Zertifizierungsprogramm setzt sie dabei den globalen Standard f\u00fcr die Ausbildung in Technischer Analyse.<\/span><\/p><\/div><div class=\"panel-widget-style\" ><h3 style=\"font-style: normal;\">Inhalt zum Workshop<\/h3><\/div><div class=\"panel-widget-style\" ><p><strong><span style=\"font-size: 12pt;\">1. Tag<\/span><\/strong><\/p><ul><li><span style=\"font-size: 12pt;\">Grunds\u00e4tzliches zur Technischen Analyse<\/span><\/li><li><span style=\"font-size: 12pt;\">Dow Theorie<\/span><\/li><li><span style=\"font-size: 12pt;\">Trendkonzept<\/span><\/li><li><span style=\"font-size: 12pt;\">Trendlinien und Trendkan\u00e4le<\/span><\/li><li><span style=\"font-size: 12pt;\">Unterst\u00fctzung und Widerstand<\/span><\/li><li><span style=\"font-size: 12pt;\">Chartarten und Chartkonstruktion<\/span><\/li><li><span style=\"font-size: 12pt;\">Fortsetzungsformationen<\/span><\/li><li><span style=\"font-size: 12pt;\">Umkehrformationen<\/span><\/li><li><span style=\"font-size: 12pt;\">Candlesticks<\/span><\/li><li><span style=\"font-size: 12pt;\">Kursl\u00fccken<\/span><\/li><li><span style=\"font-size: 12pt;\">Gleitende Durchschnitte<\/span><\/li><li><span style=\"font-size: 12pt;\">Oszillatoren und Indikatoren und Contrary Opinion<\/span><\/li><\/ul><p><span style=\"font-size: 12pt;\"><em>dazwischen Pausen mit kalten und warmen Getr\u00e4nken, Snacks und Mittagessen<\/em><\/span><br \/><span style=\"font-size: 12pt;\"> \u00a0<\/span><\/p><div><span style=\"font-size: 12pt;\"><strong>2. Tag <\/strong><\/span><\/div><ul><li><span style=\"font-size: 12pt;\">Sentiment Indikatoren<\/span><\/li><li><span style=\"font-size: 12pt;\">Marktbreite Indikatoren<\/span><\/li><li><span style=\"font-size: 12pt;\">Volumen und Open Interest<\/span><\/li><li><span style=\"font-size: 12pt;\">Point &amp; Figure Charts<\/span><\/li><li><span style=\"font-size: 12pt;\">Elliott-Wave-Theorie \/ Fibonacci<\/span><\/li><li><span style=\"font-size: 12pt;\">Relative St\u00e4rke<\/span><\/li><li><span style=\"font-size: 12pt;\">Zeitzyklen<\/span><\/li><li><span style=\"font-size: 12pt;\">\u00dcbungen + Pr\u00fcfungssimulation<\/span><\/li><\/ul><p><span style=\"font-size: 12pt;\"><em>dazwischen Pausen mit kalten und warmen Getr\u00e4nken, Snacks und Mittagessen<\/em><\/span><\/p><\/div><\/div><\/div><\/div><div id=\"pg-38-1\"  class=\"panel-grid\" ><div class=\"panel-grid-core\"><div id=\"pgc-38-1-0\"  class=\"panel-grid-cell     \" ><div class=\"panel-widget-style\" ><h3 style=\"font-style: normal;\">Zielgruppe<\/h3><\/div><\/div><div id=\"pgc-38-1-1\"  class=\"panel-grid-cell \" ><div class=\"panel-widget-style\" ><h3 style=\"font-style: normal;\">Vorkenntnisse<\/h3><\/div><\/div><\/div><\/div><div id=\"pg-38-2\"  class=\"panel-grid\" ><div class=\"panel-grid-core\"><div id=\"pgc-38-2-0\"  class=\"panel-grid-cell     \" ><div class=\"panel-widget-style\" ><ul><li><span style=\"font-size: 12pt;\">Studenten<\/span><\/li><li><span style=\"font-size: 12pt;\">Privatanleger<\/span><\/li><li><span style=\"font-size: 12pt;\">Institutionelle Anleger<\/span><\/li><li><span style=\"font-size: 12pt;\">Bankberater<\/span><\/li><li><span style=\"font-size: 12pt;\">Trader<\/span><\/li><li><span style=\"font-size: 12pt;\">Interessierte an der Technischen Analyse<\/span><\/li><li><span style=\"font-size: 12pt;\">angehende Pr\u00fcflinge zum CFTe 1.Teil<\/span><\/li><\/ul><\/div><\/div><div id=\"pgc-38-2-1\"  class=\"panel-grid-cell \" ><div class=\"panel-widget-style\" ><p><span style=\"font-size: 12pt;\">Bearbeitung des Buchs \"Technische Analyse der Finanzm\u00e4rkte\"<\/span><\/p><p><span style=\"font-size: 12pt;\">von John J. Murphy<\/span><\/p><\/div><\/div><\/div><\/div><div id=\"pg-38-3\"  class=\"panel-grid\" ><div class=\"panel-grid-core\"><div id=\"pgc-38-3-0\"  class=\"panel-grid-cell     \" ><div class=\"panel-widget-style\" ><h3 style=\"font-style: normal;\">N\u00e4chste Termine<\/h3><\/div><\/div><\/div><\/div><div id=\"pg-38-4\"  class=\"panel-grid\" ><div class=\"panel-grid-core\"><div id=\"pgc-38-4-0\"  class=\"panel-grid-cell     \" ><div class=\"panel-widget-style\" ><p><span style=\"font-size: 12pt;\"><code>\n<\/code><\/span><\/p><p><span style=\"font-size: 12pt;\">Sofern hier keine Termine genannt sind, sprechen Sie uns gerne \u00fcber unser <a href=\"https:\/\/christophgeyer.de\/?page_id=54\">Kontaktformular<\/a> an.<\/span><\/p><\/div><\/div><\/div><\/div>","protected":false},"excerpt":{"rendered":"<p>Die Ausbildungsprogramme \u201eCertified Financial Technician\u201d (CFTe) und \u201eMaster of Financial Technical Analysis\u201d (MFTA) werden von der IFTA angeboten. Dieses Zertifikat bietet Technischen Analysten und Mitgliedern der VTAD e.V. in Deutschland \u00fcber eine dreistufige Pr\u00fcfungsfolge (CFTe I, CFTe II und MFTA) einen international anerkannten Abschluss an.Die VTAD e.V. organisiert die CFTe Pr\u00fcfungen und den MFTA der [&hellip;]<\/p>\n","protected":false},"author":2,"featured_media":0,"parent":28,"menu_order":5,"comment_status":"closed","ping_status":"closed","template":"","meta":[],"_links":{"self":[{"href":"http:\/\/dev.christophgeyer.de\/index.php?rest_route=\/wp\/v2\/pages\/38"}],"collection":[{"href":"http:\/\/dev.christophgeyer.de\/index.php?rest_route=\/wp\/v2\/pages"}],"about":[{"href":"http:\/\/dev.christophgeyer.de\/index.php?rest_route=\/wp\/v2\/types\/page"}],"author":[{"embeddable":true,"href":"http:\/\/dev.christophgeyer.de\/index.php?rest_route=\/wp\/v2\/users\/2"}],"replies":[{"embeddable":true,"href":"http:\/\/dev.christophgeyer.de\/index.php?rest_route=%2Fwp%2Fv2%2Fcomments&post=38"}],"version-history":[{"count":2,"href":"http:\/\/dev.christophgeyer.de\/index.php?rest_route=\/wp\/v2\/pages\/38\/revisions"}],"predecessor-version":[{"id":644,"href":"http:\/\/dev.christophgeyer.de\/index.php?rest_route=\/wp\/v2\/pages\/38\/revisions\/644"}],"up":[{"embeddable":true,"href":"http:\/\/dev.christophgeyer.de\/index.php?rest_route=\/wp\/v2\/pages\/28"}],"wp:attachment":[{"href":"http:\/\/dev.christophgeyer.de\/index.php?rest_route=%2Fwp%2Fv2%2Fmedia&parent=38"}],"curies":[{"name":"wp","href":"https:\/\/api.w.org\/{rel}","templated":true}]}}