{"id":90,"date":"2017-01-03T18:06:30","date_gmt":"2017-01-03T17:06:30","guid":{"rendered":"http:\/\/kd10165.pingu-solutions.de\/?page_id=90"},"modified":"2018-12-15T16:17:15","modified_gmt":"2018-12-15T15:17:15","slug":"optionen-und-futures","status":"publish","type":"page","link":"http:\/\/dev.christophgeyer.de\/?page_id=90","title":{"rendered":"Optionen und Futures"},"content":{"rendered":"<div id=\"pg-90-0\"  class=\"panel-grid\" ><div class=\"panel-grid-core\"><div id=\"pgc-90-0-0\"  class=\"panel-grid-cell   \" ><div class=\"panel-widget-style\" ><p><span style=\"font-size: 12pt;\">Optionen und Futures genie\u00dfen zu Unrecht einen negativen Ruf. Lernen Sie den konservativen Umgang mit Optionen oder sichern Sie Ihr Aktien Portfolio sinnvoll ab. Sch\u00fctzen Sie sich vor den Gefahren, die im Umgang mit diesen Instrumenten lauern. Erfahren Sie, wie Optionen und Futures funktionieren und wie man sie anwendet. Zahlreiche praktische Beispiele, kleine Verst\u00e4ndnis-Tests sowie zahlreiche Erfahrungsberichte von mir machen das Seminar verst\u00e4ndlich und spannend. F\u00fcr Berufsanf\u00e4nger sowie interessierte Privatpersonen ohne Vorkenntnisse ist dieses Seminar gleicherma\u00dfen geeignet.<\/span><\/p><\/div><div class=\"panel-widget-style\" ><h3 style=\"font-style: normal;\">Inhalt zum Workshop<\/h3><\/div><div class=\"panel-widget-style\" ><ul><li><span style=\"font-size: 12pt;\">Einf\u00fchrung<\/span><\/li><li><span style=\"font-size: 12pt;\">Optionen, Futures, Derivate Abgrenzung<\/span><\/li><li><span style=\"font-size: 12pt;\">Erkl\u00e4rung und Anwendung von Futures<\/span><\/li><li><span style=\"font-size: 12pt;\">Standardisierungen<\/span><\/li><li><span style=\"font-size: 12pt;\">Erkl\u00e4rung und Anwendung Optionen<\/span><\/li><li><span style=\"font-size: 12pt;\">Optionspreisberechnung<\/span><\/li><li><span style=\"font-size: 12pt;\">Optionsbewertungkennzahlen \"Griechen\"<\/span><\/li><li><span style=\"font-size: 12pt;\">Beispiele<\/span><\/li><li><span style=\"font-size: 12pt;\">Optionskombinationen<\/span><\/li><\/ul><\/div><\/div><\/div><\/div><div id=\"pg-90-1\"  class=\"panel-grid\" ><div class=\"panel-grid-core\"><div id=\"pgc-90-1-0\"  class=\"panel-grid-cell   \" ><div class=\"panel-widget-style\" ><h3 style=\"font-style: normal;\">Zielgruppe<\/h3><\/div><\/div><div id=\"pgc-90-1-1\"  class=\"panel-grid-cell \" ><div class=\"panel-widget-style\" ><h3 style=\"font-style: normal;\">Vorkenntnisse<\/h3><\/div><\/div><\/div><\/div><div id=\"pg-90-2\"  class=\"panel-grid\" ><div class=\"panel-grid-core\"><div id=\"pgc-90-2-0\"  class=\"panel-grid-cell   \" ><div class=\"panel-widget-style\" ><ul><li><span style=\"font-size: 12pt;\">Privatanleger<\/span><\/li><li><span style=\"font-size: 12pt;\">Institutionelle Anleger <\/span><\/li><li><span style=\"font-size: 12pt;\">Studenten<\/span><\/li><\/ul><\/div><\/div><div id=\"pgc-90-2-1\"  class=\"panel-grid-cell \" ><div class=\"panel-widget-style\" ><ul><li><span style=\"font-size: 12pt;\">Aktiengesch\u00e4ft<\/span><\/li><\/ul><\/div><\/div><\/div><\/div><div id=\"pg-90-3\"  class=\"panel-grid\" ><div class=\"panel-grid-core\"><div id=\"pgc-90-3-0\"  class=\"panel-grid-cell   \" ><div class=\"panel-widget-style\" ><h3 style=\"font-style: normal;\">N\u00e4chste Termine<\/h3><\/div><\/div><\/div><\/div><div id=\"pg-90-4\"  class=\"panel-grid\" ><div class=\"panel-grid-core\"><div id=\"pgc-90-4-0\"  class=\"panel-grid-cell   \" ><div class=\"panel-widget-style\" ><p><span style=\"font-size: 12pt;\"><code>\n<\/code><\/span><\/p><p><span style=\"font-size: 12pt;\">Sofern hier keine Termine genannt sind, sprechen Sie uns gerne \u00fcber unser <a href=\"https:\/\/christophgeyer.de\/?page_id=54\">Kontaktformular<\/a> an.<\/span><\/p><\/div><\/div><\/div><\/div>","protected":false},"excerpt":{"rendered":"<p>Optionen und Futures genie\u00dfen zu Unrecht einen negativen Ruf. Lernen Sie den konservativen Umgang mit Optionen oder sichern Sie Ihr Aktien Portfolio sinnvoll ab. Sch\u00fctzen Sie sich vor den Gefahren, die im Umgang mit diesen Instrumenten lauern. Erfahren Sie, wie Optionen und Futures funktionieren und wie man sie anwendet. Zahlreiche praktische Beispiele, kleine Verst\u00e4ndnis-Tests sowie [&hellip;]<\/p>\n","protected":false},"author":2,"featured_media":0,"parent":28,"menu_order":10,"comment_status":"closed","ping_status":"closed","template":"","meta":[],"_links":{"self":[{"href":"http:\/\/dev.christophgeyer.de\/index.php?rest_route=\/wp\/v2\/pages\/90"}],"collection":[{"href":"http:\/\/dev.christophgeyer.de\/index.php?rest_route=\/wp\/v2\/pages"}],"about":[{"href":"http:\/\/dev.christophgeyer.de\/index.php?rest_route=\/wp\/v2\/types\/page"}],"author":[{"embeddable":true,"href":"http:\/\/dev.christophgeyer.de\/index.php?rest_route=\/wp\/v2\/users\/2"}],"replies":[{"embeddable":true,"href":"http:\/\/dev.christophgeyer.de\/index.php?rest_route=%2Fwp%2Fv2%2Fcomments&post=90"}],"version-history":[{"count":1,"href":"http:\/\/dev.christophgeyer.de\/index.php?rest_route=\/wp\/v2\/pages\/90\/revisions"}],"predecessor-version":[{"id":91,"href":"http:\/\/dev.christophgeyer.de\/index.php?rest_route=\/wp\/v2\/pages\/90\/revisions\/91"}],"up":[{"embeddable":true,"href":"http:\/\/dev.christophgeyer.de\/index.php?rest_route=\/wp\/v2\/pages\/28"}],"wp:attachment":[{"href":"http:\/\/dev.christophgeyer.de\/index.php?rest_route=%2Fwp%2Fv2%2Fmedia&parent=90"}],"curies":[{"name":"wp","href":"https:\/\/api.w.org\/{rel}","templated":true}]}}